{"id":437,"date":"2019-12-09T16:17:05","date_gmt":"2019-12-09T13:17:05","guid":{"rendered":"https:\/\/interaktif.trthaber.com\/2019\/mevlana\/?page_id=437"},"modified":"2019-12-09T21:42:11","modified_gmt":"2019-12-09T18:42:11","slug":"eserleri","status":"publish","type":"page","link":"https:\/\/interaktif.trthaber.com\/2019\/mevlana\/eserleri\/","title":{"rendered":"Eserleri"},"content":{"rendered":"<p>[et_pb_section fb_built=&#8221;1&#8243; admin_label=&#8221;Sights&#8221; _builder_version=&#8221;4.0.7&#8243; use_background_color_gradient=&#8221;on&#8221; background_color_gradient_start=&#8221;rgba(53,67,127,0.46)&#8221; background_color_gradient_end=&#8221;rgba(36,46,66,0.8)&#8221; background_color_gradient_direction=&#8221;90deg&#8221; background_color_gradient_end_position=&#8221;61%&#8221; background_color_gradient_overlays_image=&#8221;on&#8221; background_image=&#8221;https:\/\/interaktif.trthaber.com\/2019\/mevlana\/wp-content\/uploads\/2019\/12\/eserleri-1.jpg&#8221; background_position=&#8221;bottom_center&#8221; min_height=&#8221;860px&#8221; custom_margin=&#8221;||-86px|||&#8221; custom_padding=&#8221;||0px|||&#8221;][et_pb_row column_structure=&#8221;1_2,1_2&#8243; _builder_version=&#8221;4.0.7&#8243;][et_pb_column type=&#8221;1_2&#8243; _builder_version=&#8221;4.0.7&#8243; custom_padding=&#8221;|||&#8221; custom_padding__hover=&#8221;|||&#8221;][et_pb_divider show_divider=&#8221;off&#8221; disabled_on=&#8221;off|off|off&#8221; _builder_version=&#8221;4.0.7&#8243; min_height=&#8221;550px&#8221; min_height_tablet=&#8221;100px&#8221; min_height_phone=&#8221;&#8221; min_height_last_edited=&#8221;on|desktop&#8221; border_width_all=&#8221;40px&#8221; border_color_all=&#8221;#a9e8bd&#8221; border_width_all_tablet=&#8221;&#8221; border_width_all_phone=&#8221;3px&#8221; border_width_all_last_edited=&#8221;on|desktop&#8221; box_shadow_style=&#8221;preset1&#8243; box_shadow_blur=&#8221;33px&#8221; box_shadow_spread=&#8221;22px&#8221; box_shadow_color=&#8221;#242e42&#8243;][\/et_pb_divider][\/et_pb_column][et_pb_column type=&#8221;1_2&#8243; _builder_version=&#8221;3.25&#8243; custom_padding=&#8221;160px|||&#8221; custom_padding_tablet=&#8221;0px||&#8221; custom_padding_phone=&#8221;&#8221; custom_padding_last_edited=&#8221;on|desktop&#8221; custom_padding__hover=&#8221;|||&#8221;][et_pb_text _builder_version=&#8221;4.0.7&#8243; header_font=&#8221;||||||||&#8221; header_2_font=&#8221;PT Serif|700|||||||&#8221; header_2_font_size=&#8221;120px&#8221; background_layout=&#8221;dark&#8221; custom_margin=&#8221;|||-156px&#8221; custom_margin_tablet=&#8221;-130px|||0px&#8221; custom_margin_phone=&#8221;-50px||&#8221; custom_margin_last_edited=&#8221;on|tablet&#8221; header_2_font_size_tablet=&#8221;80px&#8221; header_2_font_size_phone=&#8221;40px&#8221; header_2_font_size_last_edited=&#8221;on|phone&#8221; header_2_text_shadow_style=&#8221;preset1&#8243; header_2_text_shadow_color=&#8221;rgba(36,46,66,0.39)&#8221;]<\/p>\n<h2>Eserleri<\/h2>\n<p>[\/et_pb_text][et_pb_blurb title=&#8221;Mesnevi&#8221; url=&#8221;#mesnevi&#8221; use_icon=&#8221;on&#8221; font_icon=&#8221;%%190%%&#8221; icon_color=&#8221;#ffffff&#8221; icon_placement=&#8221;left&#8221; use_icon_font_size=&#8221;on&#8221; icon_font_size=&#8221;26px&#8221; _builder_version=&#8221;4.0.7&#8243; header_font=&#8221;Lato|900|||||||&#8221; header_font_size=&#8221;18px&#8221; header_line_height=&#8221;1.4em&#8221; transform_scale_last_edited=&#8221;off|desktop&#8221; transform_translate_last_edited=&#8221;off|desktop&#8221; transform_translate_linked__hover=&#8221;off&#8221; transform_rotate_last_edited=&#8221;off|desktop&#8221; transform_skew_last_edited=&#8221;off|desktop&#8221; transform_origin_last_edited=&#8221;off|desktop&#8221; transform_styles_last_edited=&#8221;off|desktop&#8221; background_layout=&#8221;dark&#8221; custom_margin=&#8221;||8px&#8221; animation=&#8221;off&#8221; transform_styles__hover_enabled=&#8221;on&#8221; transform_scale__hover_enabled=&#8221;on&#8221; transform_translate__hover_enabled=&#8221;on&#8221; transform_rotate__hover_enabled=&#8221;on&#8221; transform_skew__hover_enabled=&#8221;on&#8221; transform_origin__hover_enabled=&#8221;on&#8221; transform_translate__hover=&#8221;10px|0px&#8221;][\/et_pb_blurb][et_pb_blurb title=&#8221;Divan-\u0131 Kebir&#8221; url=&#8221;#mektubat-divan&#8221; use_icon=&#8221;on&#8221; font_icon=&#8221;%%190%%&#8221; icon_color=&#8221;#ffffff&#8221; icon_placement=&#8221;left&#8221; use_icon_font_size=&#8221;on&#8221; icon_font_size=&#8221;26px&#8221; _builder_version=&#8221;4.0.7&#8243; header_font=&#8221;Lato|900|||||||&#8221; header_font_size=&#8221;18px&#8221; header_line_height=&#8221;1.4em&#8221; transform_scale_last_edited=&#8221;off|desktop&#8221; transform_translate_last_edited=&#8221;off|desktop&#8221; transform_translate_linked__hover=&#8221;off&#8221; transform_rotate_last_edited=&#8221;off|desktop&#8221; transform_skew_last_edited=&#8221;off|desktop&#8221; transform_origin_last_edited=&#8221;off|desktop&#8221; transform_styles_last_edited=&#8221;off|desktop&#8221; background_layout=&#8221;dark&#8221; custom_margin=&#8221;||8px&#8221; animation=&#8221;off&#8221; transform_styles__hover_enabled=&#8221;on&#8221; transform_scale__hover_enabled=&#8221;on&#8221; transform_translate__hover=&#8221;10px|0px&#8221; transform_translate__hover_enabled=&#8221;on&#8221; transform_rotate__hover_enabled=&#8221;on&#8221; transform_skew__hover_enabled=&#8221;on&#8221; transform_origin__hover_enabled=&#8221;on&#8221;][\/et_pb_blurb][et_pb_blurb title=&#8221;Mektubat&#8221; url=&#8221;#mektubat-divan&#8221; use_icon=&#8221;on&#8221; font_icon=&#8221;%%190%%&#8221; icon_color=&#8221;#ffffff&#8221; icon_placement=&#8221;left&#8221; use_icon_font_size=&#8221;on&#8221; icon_font_size=&#8221;26px&#8221; _builder_version=&#8221;4.0.7&#8243; header_font=&#8221;Lato|900|||||||&#8221; header_font_size=&#8221;18px&#8221; header_line_height=&#8221;1.4em&#8221; transform_scale_last_edited=&#8221;off|desktop&#8221; transform_translate_last_edited=&#8221;off|desktop&#8221; transform_translate_linked__hover=&#8221;off&#8221; transform_rotate_last_edited=&#8221;off|desktop&#8221; transform_skew_last_edited=&#8221;off|desktop&#8221; transform_origin_last_edited=&#8221;off|desktop&#8221; transform_styles_last_edited=&#8221;off|desktop&#8221; background_layout=&#8221;dark&#8221; custom_margin=&#8221;||8px&#8221; animation=&#8221;off&#8221; transform_styles__hover_enabled=&#8221;on&#8221; transform_scale__hover_enabled=&#8221;on&#8221; transform_translate__hover=&#8221;10px|0px&#8221; transform_translate__hover_enabled=&#8221;on&#8221; transform_rotate__hover_enabled=&#8221;on&#8221; transform_skew__hover_enabled=&#8221;on&#8221; transform_origin__hover_enabled=&#8221;on&#8221;][\/et_pb_blurb][et_pb_blurb title=&#8221;Fi Hi Ma Fih&#8221; url=&#8221;#fihimafih&#8221; use_icon=&#8221;on&#8221; font_icon=&#8221;%%190%%&#8221; icon_color=&#8221;#ffffff&#8221; icon_placement=&#8221;left&#8221; use_icon_font_size=&#8221;on&#8221; icon_font_size=&#8221;26px&#8221; _builder_version=&#8221;4.0.7&#8243; header_font=&#8221;Lato|900|||||||&#8221; header_font_size=&#8221;18px&#8221; header_line_height=&#8221;1.4em&#8221; transform_scale_last_edited=&#8221;off|desktop&#8221; transform_translate_last_edited=&#8221;off|desktop&#8221; transform_translate_linked__hover=&#8221;off&#8221; transform_rotate_last_edited=&#8221;off|desktop&#8221; transform_skew_last_edited=&#8221;off|desktop&#8221; transform_origin_last_edited=&#8221;off|desktop&#8221; transform_styles_last_edited=&#8221;off|desktop&#8221; background_layout=&#8221;dark&#8221; custom_margin=&#8221;||8px&#8221; animation=&#8221;off&#8221; transform_styles__hover_enabled=&#8221;on&#8221; transform_scale__hover_enabled=&#8221;on&#8221; transform_translate__hover=&#8221;10px|0px&#8221; transform_translate__hover_enabled=&#8221;on&#8221; transform_rotate__hover_enabled=&#8221;on&#8221; transform_skew__hover_enabled=&#8221;on&#8221; transform_origin__hover_enabled=&#8221;on&#8221;][\/et_pb_blurb][et_pb_blurb title=&#8221;Mecalis-i Seb&#8217;a&#8221; url=&#8221;#mecalis&#8221; use_icon=&#8221;on&#8221; font_icon=&#8221;%%190%%&#8221; icon_color=&#8221;#ffffff&#8221; icon_placement=&#8221;left&#8221; use_icon_font_size=&#8221;on&#8221; icon_font_size=&#8221;26px&#8221; _builder_version=&#8221;4.0.7&#8243; header_font=&#8221;Lato|900|||||||&#8221; header_font_size=&#8221;18px&#8221; header_line_height=&#8221;1.4em&#8221; transform_scale_last_edited=&#8221;off|desktop&#8221; transform_translate_last_edited=&#8221;off|desktop&#8221; transform_translate_linked__hover=&#8221;off&#8221; transform_rotate_last_edited=&#8221;off|desktop&#8221; transform_skew_last_edited=&#8221;off|desktop&#8221; transform_origin_last_edited=&#8221;off|desktop&#8221; transform_styles_last_edited=&#8221;off|desktop&#8221; background_layout=&#8221;dark&#8221; custom_margin=&#8221;||8px&#8221; animation=&#8221;off&#8221; transform_styles__hover_enabled=&#8221;on&#8221; transform_scale__hover_enabled=&#8221;on&#8221; transform_translate__hover=&#8221;10px|0px&#8221; transform_translate__hover_enabled=&#8221;on&#8221; transform_rotate__hover_enabled=&#8221;on&#8221; transform_skew__hover_enabled=&#8221;on&#8221; transform_origin__hover_enabled=&#8221;on&#8221;][\/et_pb_blurb][\/et_pb_column][\/et_pb_row][et_pb_row _builder_version=&#8221;3.25&#8243; width=&#8221;100%&#8221; max_width=&#8221;none&#8221; custom_padding=&#8221;0px||1px|||&#8221;][et_pb_column type=&#8221;4_4&#8243; _builder_version=&#8221;3.25&#8243; custom_padding=&#8221;|||&#8221; custom_padding__hover=&#8221;|||&#8221;][et_pb_image force_fullwidth=&#8221;on&#8221; _builder_version=&#8221;4.0.7&#8243; custom_margin=&#8221;-13vw||||false|&#8221; custom_margin_tablet=&#8221;0vw|||&#8221; custom_margin_phone=&#8221;&#8221; custom_margin_last_edited=&#8221;on|desktop&#8221;][\/et_pb_image][\/et_pb_column][\/et_pb_row][\/et_pb_section][et_pb_section fb_built=&#8221;1&#8243; admin_label=&#8221;Tours&#8221; module_id=&#8221;mesnevi&#8221; _builder_version=&#8221;4.0.7&#8243; custom_margin=&#8221;-12px|||||&#8221; custom_padding=&#8221;||4px|||&#8221;][et_pb_row column_structure=&#8221;2_5,3_5&#8243; _builder_version=&#8221;3.25&#8243;][et_pb_column type=&#8221;2_5&#8243; _builder_version=&#8221;3.25&#8243; custom_padding=&#8221;|||&#8221; custom_padding__hover=&#8221;|||&#8221;][et_pb_text _builder_version=&#8221;4.0.7&#8243; text_font=&#8221;||||||||&#8221; header_font=&#8221;||||||||&#8221; header_2_font=&#8221;PT Serif|700|||||||&#8221; header_2_font_size=&#8221;44px&#8221; header_2_line_height=&#8221;1.2em&#8221; max_width=&#8221;600px&#8221; custom_margin=&#8221;||15px&#8221; header_2_font_size_tablet=&#8221;42px&#8221; header_2_font_size_phone=&#8221;30px&#8221; header_2_font_size_last_edited=&#8221;on|phone&#8221;]<\/p>\n<h2>Mesnevi<\/h2>\n<p>[\/et_pb_text][et_pb_text _builder_version=&#8221;4.0.7&#8243; text_font=&#8221;Trebuchet||||||||&#8221; text_font_size=&#8221;18px&#8221; text_line_height=&#8221;1.8em&#8221; custom_margin=&#8221;||-3px|||&#8221; custom_padding=&#8221;||0px||false|false&#8221; text_font_size_tablet=&#8221;&#8221; text_font_size_phone=&#8221;15px&#8221; text_font_size_last_edited=&#8221;on|desktop&#8221;]<\/p>\n<p>Mesnevi, kl\u00e2sik do\u011fu edebiyat\u0131nda, bir \u015fiir tarz\u0131n\u0131n ad\u0131d\u0131r.\u00a0S\u00f6zl\u00fck anlam\u0131yla &#8220;\u0130ki\u015fer, iki\u015ferlik&#8221; demek. Edebiyatta ayn\u0131 vezinde ve her beyti kendi aras\u0131nda ayr\u0131 ayr\u0131 kafiyeli naz\u0131m \u015fekillerine Mesnevi ad\u0131 veriliyor. Her beytin ayn\u0131 vezinde fakat ayr\u0131 ayr\u0131 kafiyeli olmas\u0131 nedeniyle Mesnevi&#8217;de b\u00fcy\u00fck bir yazma kolayl\u0131\u011f\u0131 var. Bu nedenle uzun s\u00fcrecek konular veya hik\u00e2yeler \u015fiir yoluyla s\u00f6ylenilecekse, kafiye kolayl\u0131\u011f\u0131 nedeniyle mesnevi tarz\u0131 se\u00e7iliyor. Bu suretle \u015fiir, beyit beyit s\u00fcr\u00fcp gidiyor. Mesnevi her ne kadar kl\u00e2sik do\u011fu \u015fiirinin bir \u015fiir tarz\u0131 ise de &#8220;Mesnevi&#8221; denildi\u011fi zaman akla Mevl\u00e2na&#8217;n\u0131n Mesnevi&#8217;si geliyor. Mevl\u00e2na Mesnevi&#8217;yi \u00c7elebi H\u00fcsameddin&#8217;in iste\u011fi \u00fczerine yazm\u0131\u015ft\u0131. K\u00e2tibi H\u00fcsameddin \u00c7elebi&#8217;nin s\u00f6yledi\u011fine g\u00f6re Mevlana, Mesnevi beyitlerini Meram&#8217;da gezerken, otururken, y\u00fcr\u00fcrken hatta sem\u00e2 ederken s\u00f6ylermi\u015f, \u00c7elebi H\u00fcsameddin de yazarm\u0131\u015f. Mesnevi&#8217;nin dili Fars\u00e7a. Halen Mevl\u00e2na M\u00fczesi&#8217;nde te\u015fhirde bulunan 1278 tarihli, elde bulunan en eski Mesnevi n\u00fcshas\u0131na g\u00f6re, beyit say\u0131s\u0131 25618. Mesnevi&#8217;nin vezni: F\u00e2 i l\u00e2 t\u00fcn- F\u00e2 i l\u00e2 t\u00fcn &#8211; F\u00e2 i l\u00fcn&#8217;d\u00fcr. Mevl\u00e2na 6 b\u00fcy\u00fck cilt olan Mesnevi&#8217;sinde, tasavvuf\u00ee fikir ve d\u00fc\u015f\u00fcncelerini, birbirine ulanm\u0131\u015f hik\u00e2yeler halinde anlat\u0131yor.\n<\/p>\n<p>[\/et_pb_text][\/et_pb_column][et_pb_column type=&#8221;3_5&#8243; _builder_version=&#8221;3.25&#8243; custom_padding=&#8221;|||&#8221; custom_padding__hover=&#8221;|||&#8221;][et_pb_image src=&#8221;https:\/\/interaktif.trthaber.com\/2019\/mevlana\/wp-content\/uploads\/2019\/12\/sight-seeing-47.png&#8221; show_bottom_space=&#8221;off&#8221; _builder_version=&#8221;4.0.7&#8243; background_image=&#8221;https:\/\/interaktif.trthaber.com\/2019\/mevlana\/wp-content\/uploads\/2019\/12\/ornament-1.png&#8221; custom_margin=&#8221;-50px|-10vw|||false|false&#8221; custom_margin_tablet=&#8221;|0vw||&#8221; custom_margin_phone=&#8221;&#8221; custom_margin_last_edited=&#8221;on|desktop&#8221; custom_padding=&#8221;||0px|||&#8221; hover_enabled=&#8221;0&#8243; box_shadow_style=&#8221;preset4&#8243; box_shadow_horizontal=&#8221;1000px&#8221; box_shadow_vertical=&#8221;0px&#8221; box_shadow_color=&#8221;#ffffff&#8221;][\/et_pb_image][\/et_pb_column][\/et_pb_row][\/et_pb_section][et_pb_section fb_built=&#8221;1&#8243; admin_label=&#8221;Tours&#8221; module_id=&#8221;mektubat-divan&#8221; _builder_version=&#8221;4.0.7&#8243; custom_margin=&#8221;-12px|||||&#8221; custom_padding=&#8221;||5px|||&#8221;][et_pb_row column_structure=&#8221;1_2,1_2&#8243; module_id=&#8221;mektubat-divan&#8221; _builder_version=&#8221;4.0.7&#8243; custom_padding=&#8221;5px|||||&#8221;][et_pb_column type=&#8221;1_2&#8243; _builder_version=&#8221;3.25&#8243; custom_padding=&#8221;|||&#8221; custom_padding__hover=&#8221;|||&#8221;][et_pb_text _builder_version=&#8221;4.0.7&#8243; text_font=&#8221;||||||||&#8221; header_font=&#8221;||||||||&#8221; header_2_font=&#8221;PT Serif|700|||||||&#8221; header_2_font_size=&#8221;44px&#8221; header_2_line_height=&#8221;1.2em&#8221; max_width=&#8221;600px&#8221; custom_margin=&#8221;||15px&#8221; header_2_font_size_tablet=&#8221;42px&#8221; header_2_font_size_phone=&#8221;30px&#8221; header_2_font_size_last_edited=&#8221;on|phone&#8221;]<\/p>\n<h2>Mektubat<\/h2>\n<p>[\/et_pb_text][et_pb_text _builder_version=&#8221;4.0.7&#8243; text_font=&#8221;Trebuchet||||||||&#8221; text_font_size=&#8221;18px&#8221; text_line_height=&#8221;1.8em&#8221; custom_margin=&#8221;||-3px|||&#8221; custom_padding=&#8221;||0px||false|false&#8221; text_font_size_tablet=&#8221;&#8221; text_font_size_phone=&#8221;15px&#8221; text_font_size_last_edited=&#8221;on|desktop&#8221;]<\/p>\n<p>Mevl\u00e2na&#8217;n\u0131n ba\u015fta Sel\u00e7uklu H\u00fck\u00fcmdarlar\u0131na ve devrin ileri gelenlerine nasihat i\u00e7in, kendisine sorulan ve halli istenilen dini ve ilmi konularda a\u00e7\u0131klay\u0131c\u0131 bilgiler vermek i\u00e7in yazd\u0131\u011f\u0131 147 adet mektup. Mevl\u00e2na bu mektuplar\u0131nda, edeb\u00ee mektup yazma kaidelerine uymam\u0131\u015f, aynen konu\u015ftu\u011fu gibi yazm\u0131\u015ft\u0131. Mektuplar\u0131nda &#8220;kulunuz, bendeniz&#8221; gibi kelimelere hi\u00e7 yer vermemi\u015fti. Hitaplar\u0131nda mevki ve memuriyet adlar\u0131 m\u00fcstesna, mektup yazd\u0131\u011f\u0131 ki\u015finin akl\u0131na, inanc\u0131na ve yapt\u0131\u011f\u0131 iyi i\u015flere g\u00f6re kendisine hangi hitap tarz\u0131 yak\u0131\u015f\u0131yorsa o s\u00f6zlerle ve o vas\u0131flarla hitap etmi\u015fti.\n<\/p>\n<p>[\/et_pb_text][\/et_pb_column][et_pb_column type=&#8221;1_2&#8243; _builder_version=&#8221;3.25&#8243; custom_padding=&#8221;|||&#8221; custom_padding__hover=&#8221;|||&#8221;][et_pb_text _builder_version=&#8221;4.0.7&#8243; text_font=&#8221;||||||||&#8221; header_font=&#8221;||||||||&#8221; header_2_font=&#8221;PT Serif|700|||||||&#8221; header_2_font_size=&#8221;44px&#8221; header_2_line_height=&#8221;1.2em&#8221; max_width=&#8221;600px&#8221; custom_margin=&#8221;||15px&#8221; header_2_font_size_tablet=&#8221;42px&#8221; header_2_font_size_phone=&#8221;30px&#8221; header_2_font_size_last_edited=&#8221;on|phone&#8221;]<\/p>\n<h2>Divan-\u0131 Kebir<\/h2>\n<p>[\/et_pb_text][et_pb_text _builder_version=&#8221;4.0.7&#8243; text_font=&#8221;Trebuchet||||||||&#8221; text_font_size=&#8221;18px&#8221; text_line_height=&#8221;1.8em&#8221; custom_margin=&#8221;||-3px|||&#8221; custom_padding=&#8221;||0px||false|false&#8221; text_font_size_tablet=&#8221;&#8221; text_font_size_phone=&#8221;15px&#8221; text_font_size_last_edited=&#8221;on|desktop&#8221;]<\/p>\n<p>Div\u00e2n, \u015fairlerin \u015fiirlerini toplad\u0131klar\u0131 deftere deniyor. Div\u00e2n-\u0131 Kebir &#8220;B\u00fcy\u00fck Defter&#8221; veya &#8220;B\u00fcy\u00fck Div\u00e2n&#8221; anlam\u0131na geliyor. Mevl\u00e2na&#8217;n\u0131n \u00e7e\u015fitli konularda s\u00f6yledi\u011fi \u015fiirlerin tamam\u0131 bu divanda. Div\u00e2n-\u0131 Kebir&#8217;in dili de Fars\u00e7a olmakla beraber, Div\u00e2n-\u0131 Keb\u00eer i\u00e7inde az say\u0131da Arap\u00e7a, T\u00fcrk\u00e7e ve Rumca \u015fiir de yer al\u0131yor. Div\u00e2n-\u0131 Keb\u00eer 21 k\u00fc\u00e7\u00fck div\u00e2n (Bahir) ile Rub\u00e2i Div\u00e2n\u0131&#8217;n\u0131n bir araya getirilmesiyle olu\u015ftu. Div\u00e2n-\u0131 Kebir&#8217;in beyit adedi 40 bini a\u015f\u0131yor. Mevl\u00e2na, Div\u00e2n-\u0131 Kebir&#8217;deki baz\u0131 \u015fiirlerini \u015eems Mahlas\u0131 ile yazd\u0131\u011f\u0131 i\u00e7in bu div\u00e2na, Div\u00e2n-\u0131 \u015eems de deniliyor. Div\u00e2nda yer alan \u015fiirler vezin ve kafiyeler g\u00f6z \u00f6n\u00fcne al\u0131narak d\u00fczenlendi.<\/p>\n<p>[\/et_pb_text][\/et_pb_column][\/et_pb_row][\/et_pb_section][et_pb_section fb_built=&#8221;1&#8243; disabled_on=&#8221;off|off|off&#8221; admin_label=&#8221;Services&#8221; module_id=&#8221;huzuru-pir&#8221; _builder_version=&#8221;4.0.7&#8243; background_size=&#8221;initial&#8221; background_position=&#8221;bottom_right&#8221; overflow-x=&#8221;hidden&#8221; overflow-y=&#8221;hidden&#8221; custom_padding=&#8221;2px|||||&#8221;][et_pb_row column_structure=&#8221;2_5,3_5&#8243; module_id=&#8221;fihimafih&#8221; _builder_version=&#8221;4.0.7&#8243; custom_padding=&#8221;||4px|||&#8221; locked=&#8221;off&#8221;][et_pb_column type=&#8221;2_5&#8243; _builder_version=&#8221;3.25&#8243; custom_padding=&#8221;|||&#8221; custom_padding__hover=&#8221;|||&#8221;][et_pb_text module_id=&#8221;fihimafih&#8221; _builder_version=&#8221;4.0.7&#8243; text_font=&#8221;||||||||&#8221; header_font=&#8221;||||||||&#8221; header_2_font=&#8221;PT Serif|700|||||||&#8221; header_2_font_size=&#8221;44px&#8221; header_2_line_height=&#8221;1.2em&#8221; max_width=&#8221;600px&#8221; custom_margin=&#8221;||15px&#8221; header_2_font_size_tablet=&#8221;42px&#8221; header_2_font_size_phone=&#8221;30px&#8221; header_2_font_size_last_edited=&#8221;on|phone&#8221;]<\/p>\n<h2>Fi Hi Ma Fih<\/h2>\n<p>[\/et_pb_text][et_pb_text _builder_version=&#8221;4.0.7&#8243; text_font=&#8221;Trebuchet||||||||&#8221; text_font_size=&#8221;18px&#8221; text_line_height=&#8221;1.9em&#8221; header_3_font=&#8221;Lato|700|||||||&#8221; header_3_font_size=&#8221;18px&#8221; header_3_line_height=&#8221;1.4em&#8221; custom_margin=&#8221;||29px|||&#8221; custom_margin_tablet=&#8221;||30px&#8221; custom_margin_phone=&#8221;&#8221; custom_margin_last_edited=&#8221;on|desktop&#8221;]<\/p>\n<p> F\u00eehi M\u00e2 Fih &#8220;Onun i\u00e7indeki i\u00e7indedir&#8221; manas\u0131na geliyor. Bu eser Mevl\u00e2na&#8217;n\u0131n \u00e7e\u015fitli meclislerde yapt\u0131\u011f\u0131 sohbetlerin, o\u011flu Sultan Veled taraf\u0131ndan toplanmas\u0131 ile 61 b\u00f6l\u00fcmden olu\u015fuyor. Bu b\u00f6l\u00fcmlerden bir k\u0131sm\u0131, Sel\u00e7uklu Veziri S\u00fcleyman Pervane&#8217;ye hitaben kaleme al\u0131nd\u0131. Eserde baz\u0131 siyasi olaylara da temas edilmesi y\u00f6n\u00fcnden, bu eser ayn\u0131 zamanda tarihi bir kaynak olarak da kabul ediliyor. Eserde cennet ve cehennem, d\u00fcnya ve \u00e2hiret, m\u00fcr\u015fit ve m\u00fcr\u00eed, a\u015fk ve sem\u00e2 gibi konular i\u015flendi. <\/p>\n<p>[\/et_pb_text][et_pb_text module_id=&#8221;mecalis&#8221; _builder_version=&#8221;4.0.7&#8243; text_font=&#8221;||||||||&#8221; header_font=&#8221;||||||||&#8221; header_2_font=&#8221;PT Serif|700|||||||&#8221; header_2_font_size=&#8221;44px&#8221; header_2_line_height=&#8221;1.2em&#8221; max_width=&#8221;600px&#8221; custom_margin=&#8221;||15px&#8221; header_2_font_size_tablet=&#8221;42px&#8221; header_2_font_size_phone=&#8221;30px&#8221; header_2_font_size_last_edited=&#8221;on|phone&#8221;]<\/p>\n<h2>Mecalis-i Seb&#8217;a<\/h2>\n<p>[\/et_pb_text][et_pb_text _builder_version=&#8221;4.0.7&#8243; text_font=&#8221;Trebuchet||||||||&#8221; text_font_size=&#8221;18px&#8221; text_line_height=&#8221;1.9em&#8221; header_3_font=&#8221;Lato|700|||||||&#8221; header_3_font_size=&#8221;18px&#8221; header_3_line_height=&#8221;1.4em&#8221; custom_margin=&#8221;||29px|||&#8221; custom_margin_tablet=&#8221;||30px&#8221; custom_margin_phone=&#8221;&#8221; custom_margin_last_edited=&#8221;on|desktop&#8221;]<\/p>\n<p>(Yedi Meclis) Mec\u00e2lis-i Seb&#8217;a, ad\u0131ndan da anla\u015f\u0131laca\u011f\u0131 \u00fczere Mevl\u00e2na&#8217;n\u0131n Yedi Meclisi\u2019nin, Yedi Vaaz\u0131&#8217;n\u0131n not edilmesinden olu\u015fuyor. Mevl\u00e2na&#8217;n\u0131n vaazlar\u0131, \u00c7elebi H\u00fcsameddin veya o\u011flu Sultan Veled taraf\u0131ndan not edildi, ancak \u00f6z\u00fcne dokunulmamak kayd\u0131 ile eklentiler yap\u0131ld\u0131. Eserin d\u00fczenlemesi yap\u0131ld\u0131ktan sonra Mevl\u00e2na&#8217;n\u0131n tashihinden ge\u00e7mi\u015f olmas\u0131 kuvvetle muhtemeldi. \u015eiiri ama\u00e7 de\u011fil, fikirlerini s\u00f6ylemede bir ara\u00e7 olarak kabul eden Mevl\u00e2na, yedi meclisinde \u015ferh etti\u011fi Hadis&#8217;lerin konular\u0131 bak\u0131m\u0131ndan tasnifi \u015f\u00f6yle:\u2028\u2028<\/p>\n<p>1. Do\u011fru yoldan ayr\u0131lm\u0131\u015f toplumlar\u0131n hangi yolla kurtulaca\u011f\u0131.<br \/> 2. Su\u00e7tan kurtulu\u015f. Ak\u0131l yolu ile gafletten uyan\u0131\u015f.<br \/> 3. \u0130nan\u00e7\u2019taki kudret.<br \/> 4. T\u00f6vbe edip do\u011fru yolu bulanlar Allah&#8217;\u0131n sevgili kullar\u0131 olurlar.<br \/> 5. Bilginin de\u011feri.<br \/> 6. Gaflete dal\u0131\u015f.<br \/> 7. Akl\u0131n \u00f6nemi.\u2028\u2028<\/p>\n<p>&nbsp;<\/p>\n<p>[\/et_pb_text][\/et_pb_column][et_pb_column type=&#8221;3_5&#8243; _builder_version=&#8221;3.25&#8243; custom_padding=&#8221;|||&#8221; custom_padding__hover=&#8221;|||&#8221;][et_pb_image src=&#8221;https:\/\/interaktif.trthaber.com\/2019\/mevlana\/wp-content\/uploads\/2019\/12\/sight-seeing-47.png&#8221; show_bottom_space=&#8221;off&#8221; _builder_version=&#8221;4.0.7&#8243; background_image=&#8221;https:\/\/interaktif.trthaber.com\/2019\/mevlana\/wp-content\/uploads\/2019\/12\/ornament-1.png&#8221; custom_margin=&#8221;|-10vw|||false|false&#8221; custom_margin_tablet=&#8221;|0vw||&#8221; custom_margin_phone=&#8221;&#8221; custom_margin_last_edited=&#8221;on|desktop&#8221; hover_enabled=&#8221;0&#8243; box_shadow_style=&#8221;preset4&#8243; box_shadow_horizontal=&#8221;1000px&#8221; box_shadow_vertical=&#8221;0px&#8221; box_shadow_color=&#8221;#ffffff&#8221;][\/et_pb_image][\/et_pb_column][\/et_pb_row][\/et_pb_section]<\/p>\n","protected":false},"excerpt":{"rendered":"<p>EserleriMesneviMesnevi, kl\u00e2sik do\u011fu edebiyat\u0131nda, bir \u015fiir tarz\u0131n\u0131n ad\u0131d\u0131r.\u00a0S\u00f6zl\u00fck anlam\u0131yla &#8220;\u0130ki\u015fer, iki\u015ferlik&#8221; demek. Edebiyatta ayn\u0131 vezinde ve her beyti kendi aras\u0131nda ayr\u0131 ayr\u0131 kafiyeli naz\u0131m \u015fekillerine Mesnevi ad\u0131 veriliyor. Her beytin ayn\u0131 vezinde fakat ayr\u0131 ayr\u0131 kafiyeli olmas\u0131 nedeniyle Mesnevi&#8217;de b\u00fcy\u00fck bir yazma kolayl\u0131\u011f\u0131 var. Bu nedenle uzun s\u00fcrecek konular veya hik\u00e2yeler \u015fiir yoluyla s\u00f6ylenilecekse, kafiye [&hellip;]<\/p>\n","protected":false},"author":1,"featured_media":0,"parent":0,"menu_order":0,"comment_status":"closed","ping_status":"closed","template":"","meta":{"_et_pb_use_builder":"on","_et_pb_old_content":"","_et_gb_content_width":"","footnotes":""},"class_list":["post-437","page","type-page","status-publish","hentry"],"_links":{"self":[{"href":"https:\/\/interaktif.trthaber.com\/2019\/mevlana\/wp-json\/wp\/v2\/pages\/437","targetHints":{"allow":["GET"]}}],"collection":[{"href":"https:\/\/interaktif.trthaber.com\/2019\/mevlana\/wp-json\/wp\/v2\/pages"}],"about":[{"href":"https:\/\/interaktif.trthaber.com\/2019\/mevlana\/wp-json\/wp\/v2\/types\/page"}],"author":[{"embeddable":true,"href":"https:\/\/interaktif.trthaber.com\/2019\/mevlana\/wp-json\/wp\/v2\/users\/1"}],"replies":[{"embeddable":true,"href":"https:\/\/interaktif.trthaber.com\/2019\/mevlana\/wp-json\/wp\/v2\/comments?post=437"}],"version-history":[{"count":17,"href":"https:\/\/interaktif.trthaber.com\/2019\/mevlana\/wp-json\/wp\/v2\/pages\/437\/revisions"}],"predecessor-version":[{"id":573,"href":"https:\/\/interaktif.trthaber.com\/2019\/mevlana\/wp-json\/wp\/v2\/pages\/437\/revisions\/573"}],"wp:attachment":[{"href":"https:\/\/interaktif.trthaber.com\/2019\/mevlana\/wp-json\/wp\/v2\/media?parent=437"}],"curies":[{"name":"wp","href":"https:\/\/api.w.org\/{rel}","templated":true}]}}